{"id":510,"date":"2024-08-21T19:23:37","date_gmt":"2024-08-21T17:23:37","guid":{"rendered":"https:\/\/avgi-ci.com\/about\/"},"modified":"2025-12-10T11:56:45","modified_gmt":"2025-12-10T10:56:45","slug":"about","status":"publish","type":"page","link":"https:\/\/avgi-ci.com\/cn\/about\/","title":{"rendered":"\u5173\u4e8e"},"content":{"rendered":"<div class=\"wp-block-uagb-container uagb-block-84b1a4f4 alignfull uagb-is-root-container\"><div class=\"uagb-container-inner-blocks-wrap\">\n<div class=\"wp-block-uagb-info-box uagb-block-6157101b uagb-infobox__content-wrap  uagb-infobox-icon-above-title uagb-infobox-image-valign-top\"><div class=\"uagb-ifb-content\"><div class=\"uagb-ifb-title-wrap\"><h1 class=\"uagb-ifb-title\">\u5173\u4e8e\u6211\u4eec<\/h1><\/div><div class=\"uagb-ifb-separator\"><\/div><\/div><\/div>\n<\/div><\/div>\n\n\n\n<div class=\"wp-block-uagb-container uagb-block-012e3f1c alignfull uagb-is-root-container\"><div class=\"uagb-container-inner-blocks-wrap\">\n<div class=\"wp-block-uagb-container uagb-block-fda13d6b\">\n<div class=\"wp-block-uagb-info-box uagb-block-1c9f2911 uagb-infobox__content-wrap  uagb-infobox-icon-above-title uagb-infobox-image-valign-top\"><div class=\"uagb-ifb-content\"><div class=\"uagb-ifb-title-wrap\"><h6 class=\"uagb-ifb-title-prefix\">\u6211\u4eec\u662f\u8c01<\/h6><h5 class=\"uagb-ifb-title\">AVANT- GARDE IMMOBILIER est une Soci\u00e9t\u00e9 sp\u00e9cialis\u00e9e en Electricit\u00e9 et B\u00e2timent tout corps d\u2019Etat.<\/h5><\/div><\/div><\/div>\n<\/div>\n\n\n\n<div class=\"wp-block-uagb-container uagb-block-6911cb7d\">\n<div class=\"wp-block-uagb-info-box uagb-block-4a8e13c2 uagb-infobox__content-wrap  uagb-infobox-icon-above-title uagb-infobox-image-valign-top\"><div class=\"uagb-ifb-content\"><div class=\"uagb-ifb-title-wrap\"><h3 class=\"uagb-ifb-title\">AVGI (\u5148\u950b\u5730\u4ea7) \u662f\u4e00\u5bb6\u6709\u9650\u8d23\u4efb\u516c\u53f8 (SARL)\uff0c\u8d44\u672c\u4e3a 60,000,000 FCFA\uff0c\u4e13\u95e8\u4e3a\u6240\u6709\u653f\u5e9c\u673a\u6784\u63d0\u4f9b\u7535\u529b\u548c\u5efa\u7b51\u670d\u52a1\u3002 <\/h3><\/div><p class=\"uagb-ifb-desc\"><br>2016\u5e74\uff0c\u7531\u571f\u6728\u5de5\u7a0b\u4f01\u4e1a\u5bb6\u6613\u4fca\u660e\u5148\u751f\u9057\u613f\u521b\u5efa\u3002&nbsp;<br>\u5728\u7ed3\u6784\u5de5\u7a0b\u548c\u7ffb\u65b0\u884c\u4e1a\u62e5\u6709\u957f\u671f\u4e30\u5bcc\u7684\u7ecf\u9a8c\u540e\uff0c\u4ed6\u7ee7\u7eed\u5728\u80fd\u6e90\u9886\u57df\u5f00\u5c55\u8fd9\u4e9b\u6d3b\u52a8\uff0c\u4ed6\u7684\u613f\u666f\u59cb\u7ec8\u662f\u901a\u8fc7\u521b\u65b0\u3001\u6210\u672c\u4f18\u5316\u548c\u8ba4\u771f\u6001\u5ea6\uff0c\u4ee5\u5408\u7406\u7684\u4ef7\u683c\u63d0\u4f9b\u4f18\u8d28\u670d\u52a1\u3002&nbsp;<br>\u4e3a\u4e86\u5b9e\u73b0\u8fd9\u4e00\u76ee\u6807\uff0c\u4ed6\u9010\u6b65\u5efa\u7acb\u4e86\u4e00\u652f\u7531\u5de5\u7a0b\u5e08\u3001\u9ad8\u7ea7\u5efa\u7b51\u6280\u672f\u4eba\u5458\u3001\u7ba1\u7406\u4eba\u5458\u548c\u5408\u683c\u5de5\u4eba\u7ec4\u6210\u7684\u961f\u4f0d\u3002&nbsp;<br>\u6211\u4eec\u5171\u540c\u57f9\u517b\u4e86\u70ed\u7231\u5de5\u4f5c\u3001\u9075\u5b88\u7eaa\u5f8b\u3001\u56e2\u961f\u7cbe\u795e\u3001\u4e3b\u52a8\u6027\u548c\u5c0a\u91cd\u627f\u8bfa\u7684\u4ef7\u503c\u89c2\u3002&nbsp;<br>\u4e8b\u5b9e\u4e0a\uff0c\u4eca\u5929\uff0c\u6211\u4eec\u975e\u5e38\u81ea\u8c6a\u5730\u5f00\u5c55\u4e86\u591a\u4e2a HTB\u3001HTA\u3001\u4f4e\u538b\u7535\u6c14\u8bbe\u5907\u7684\u4ea4\u4ed8\u9879\u76ee\uff0c\u800c\u4e14\u8fd8\u5b8c\u6210\u4e86\u5927\u578b\u4f4e\u538b\u548c HTA \u9879\u76ee\uff0c\u8fd9\u4e3a\u6211\u4eec\u8d62\u5f97\u4e86\u5ba2\u6237\u7684\u4fe1\u4efb\u3002&nbsp;<\/p><\/div><\/div>\n<\/div>\n\n\n\n<div class=\"wp-block-uagb-separator uagb-block-e53605d2\"><div class=\"uagb-separator-spacing-wrapper\"><div class=\"wp-block-uagb-separator__inner\" style=\"--my-background-image:\"><\/div><\/div><\/div>\n\n\n\n<div class=\"wp-block-uagb-container uagb-block-81c27860\">\n<div class=\"wp-block-uagb-info-box uagb-block-d013ff3b uagb-infobox__content-wrap  uagb-infobox-icon-above-title uagb-infobox-image-valign-top\"><div class=\"uagb-ifb-content\"><div class=\"uagb-ifb-title-wrap\"><h3 class=\"uagb-ifb-title\">BT\u3001HTA\u3001HTB \u548c EP<\/h3><\/div><p class=\"uagb-ifb-desc\">LV\uff08\u4f4e\u538b\uff09- HTA\uff08\u4e2d\u538b\uff09\u548c HTB\uff08\u9ad8\u538b\uff09- EP\uff08\u516c\u5171\u7167\u660e\uff09\u3002<\/p><\/div><\/div>\n\n\n\n<div class=\"wp-block-uagb-info-box uagb-block-329b7c92 uagb-infobox__content-wrap  uagb-infobox-icon-above-title uagb-infobox-image-valign-top\"><div class=\"uagb-ifb-content\"><div class=\"uagb-ifb-title-wrap\"><h3 class=\"uagb-ifb-title\">\u6750\u6599\u4f9b\u5e94 <\/h3><\/div><p class=\"uagb-ifb-desc\">\u4f9b\u5e94\u7535\u6c14\u8bbe\u5907\u3001\u4f9b\u5e94\u5efa\u7b51\u8bbe\u5907\u548c\u6750\u6599\u3002<\/p><\/div><\/div>\n\n\n\n<div class=\"wp-block-uagb-info-box uagb-block-f0ec0cba uagb-infobox__content-wrap  uagb-infobox-icon-above-title uagb-infobox-image-valign-top\"><div class=\"uagb-ifb-content\"><div class=\"uagb-ifb-title-wrap\"><h3 class=\"uagb-ifb-title\">\u5efa\u7b51\u5de5\u7a0b<\/h3><\/div><p class=\"uagb-ifb-desc\">\u9053\u8def\u3001\u6865\u6881\u548c\u5efa\u7b51\u7269\u7b49\u57fa\u7840\u8bbe\u65bd\u7684\u5efa\u8bbe\u3001\u6539\u9020\u548c\u7ef4\u62a4\u9700\u8981\u89c4\u5212\u3001\u534f\u8c03\u548c\u9075\u5b88\u5b89\u5168\u6807\u51c6\uff0c\u4ee5\u5b9e\u73b0\u53ef\u6301\u7eed\u7684\u6210\u5c31\u3002<\/p><\/div><\/div>\n<\/div>\n<\/div><\/div>\n\n\n\n<div class=\"wp-block-uagb-container uagb-block-07bff730 alignfull uagb-is-root-container\"><div class=\"uagb-container-inner-blocks-wrap\">\n<div class=\"wp-block-uagb-info-box uagb-block-e83473b0 uagb-infobox__content-wrap  uagb-infobox-icon-above-title uagb-infobox-image-valign-top\"><div class=\"uagb-ifb-content\"><div class=\"uagb-ifb-separator\"><\/div><div class=\"uagb-ifb-title-wrap\"><h4 class=\"uagb-ifb-title-prefix\">\u201c\u5982\u4eca\uff0cAVGI \u96c6\u56e2\u6709\u4e24\u4e2a\u5206\u652f\u673a\u6784\uff1a<br>* AVGI CONTRUCTION <br>* AVGI Energie <\/h4><\/div><\/div><\/div>\n<\/div><\/div>\n\n\n\n<div class=\"wp-block-uagb-container uagb-block-d509e43f alignfull uagb-is-root-container\"><div class=\"uagb-container-inner-blocks-wrap\">\n<div class=\"wp-block-uagb-info-box uagb-block-7a81a27e uagb-infobox__content-wrap  uagb-infobox-icon-above-title uagb-infobox-image-valign-top\"><div class=\"uagb-ifb-content\"><div class=\"uagb-ifb-title-wrap\"><h6 class=\"uagb-ifb-title-prefix\">\u6211\u4eec\u7684\u613f\u666f<\/h6><h3 class=\"uagb-ifb-title\">\u5982\u4eca\uff0cAVGI SARL \u5e0c\u671b\u63d0\u9ad8\u5176\u77e5\u540d\u5ea6\u5e76\u6269\u5c55\u5230\u975e\u6d32\u5176\u4ed6\u5730\u533a\u3002\u5b83\u5e0c\u671b\u5411\u5404\u56fd\u3001\u516c\u5171\u548c\u79c1\u8425\u516c\u53f8\u3001\u56fd\u9645\u7ec4\u7ec7\u3001\u4e13\u4e1a\u4eba\u58eb\u548c\u4e2a\u4eba\u63d0\u4f9b\u5176\u4e13\u4e1a\u77e5\u8bc6\uff0c\u4ee5\u5e94\u5bf9\u65e5\u76ca\u91cd\u8981\u7684\u6311\u6218\u3002<\/h3><\/div><\/div><\/div>\n\n\n\n<div class=\"wp-block-uagb-separator uagb-block-2d73f7b2\"><div class=\"uagb-separator-spacing-wrapper\"><div class=\"wp-block-uagb-separator__inner\" style=\"--my-background-image:\"><\/div><\/div><\/div>\n\n\n\n<div class=\"wp-block-uagb-container uagb-block-0de268a6\">\n<div class=\"wp-block-uagb-info-box uagb-block-3a8a998c uagb-infobox__content-wrap  uagb-infobox-icon-above-title uagb-infobox-image-valign-top\"><div class=\"uagb-ifb-content\"><div class=\"uagb-ifb-title-wrap\"><h4 class=\"uagb-ifb-title\">\u5982\u4eca\uff0c\u6211\u4eec\u5df2\u7ecf\u62e5\u6709 100 \u591a\u4e2a\u9879\u76ee\u3002<br><\/h4><\/div><p class=\"uagb-ifb-desc\">Concernant ces projets r\u00e9alis\u00e9s nous vous pr\u00e9sentons entre autres :<br>* La construction et l\u2019\u00e9quipement des postes de transformation pour 6 CHINA MALL \u00e0 Abidjan et alentours.<br>* La construction de poste de livraison 2000kva et d\u2019une ligne 33KV de 6 km \u00e0 Daloa.&nbsp;<br>* L\u2019alimentation \u00e9lectrique des stades de San Pedro et Korhogo, dans le cadre de la CAN 2024.<br>* L\u2019\u00e9clairage public de la voie Y4 section 1.<br>* Le d\u00e9placement de r\u00e9seau BT et HTA, avec une partie \u00e9clairage public dans le cadre de la construction de l\u2019\u00e9changeur AKWABA. Mais \u00e9galement, la construction d\u2019un poste 630Kva pour l\u2019alimentation de la base vie du projet Akwaba.<br>* L\u2019alimentation BT &amp; HTA du site de recasement des impact\u00e9s du projet \u00ab Port sec de Ferkess\u00e9dougou \u00bb.<\/p><\/div><\/div>\n<\/div>\n\n\n\n<div class=\"wp-block-uagb-container uagb-block-eec3e8d3\"><\/div>\n<\/div><\/div>\n\n\n\n<div class=\"wp-block-uagb-container uagb-block-71e3763c alignfull uagb-is-root-container\"><div class=\"uagb-container-inner-blocks-wrap\">\n<div class=\"wp-block-uagb-container uagb-block-3213ed01\">\n<div class=\"wp-block-uagb-info-box uagb-block-73536f7a uagb-infobox__content-wrap  uagb-infobox-icon-above-title uagb-infobox-image-valign-top\"><div class=\"uagb-ifb-content\"><div class=\"uagb-ifb-title-wrap\"><h2 class=\"uagb-ifb-title-prefix\">\u51c6\u5907\u597d\u5c06\u60a8\u7684\u9879\u76ee\u63d0\u5347\u5230\u65b0\u7684\u6c34\u5e73\u4e86\u5417\uff1f<\/h2><div class=\"uagb-ifb-separator\"><\/div><h6 class=\"uagb-ifb-title\">\u4e0d\u8981\u518d\u7b49\u5f85\uff0c\u8bf7\u8054\u7cfb\u6211\u4eec \u2013 \u4ece\u4eca\u5929\u5f00\u59cb\uff0c\u8ba9\u6211\u4eec\u5f15\u5bfc\u60a8\u8d70\u5411\u6210\u529f\u3002<\/h6><\/div><\/div><\/div>\n\n\n\n<div class=\"wp-block-uagb-buttons uagb-buttons__outer-wrap uagb-btn__default-btn uagb-btn-tablet__default-btn uagb-btn-mobile__default-btn uagb-block-cc76ba55\"><div class=\"uagb-buttons__wrap uagb-buttons-layout-wrap\">\n<div class=\"wp-block-uagb-buttons-child uagb-buttons__outer-wrap uagb-block-2009a242 wp-block-button\"><div class=\"uagb-button__wrapper\"><a class=\"uagb-buttons-repeater wp-block-button__link\" aria-label=\"\" href=\"https:\/\/avgi-ci.com\/cn\/contact\/\" rel=\"follow noopener\" target=\"_self\" role=\"button\"><div class=\"uagb-button__link\">\u8054\u7cfb\u6211\u4eec<\/div><span class=\"uagb-button__icon uagb-button__icon-position-after\"><svg xmlns=\"https:\/\/www.w3.org\/2000\/svg\" viewbox=\"0 0 256 512\" aria-hidden=\"true\" focussable=\"false\"><path d=\"M64 448c-8.188 0-16.38-3.125-22.62-9.375c-12.5-12.5-12.5-32.75 0-45.25L178.8 256L41.38 118.6c-12.5-12.5-12.5-32.75 0-45.25s32.75-12.5 45.25 0l160 160c12.5 12.5 12.5 32.75 0 45.25l-160 160C80.38 444.9 72.19 448 64 448z\"><\/path><\/svg><\/span><\/a><\/div><\/div>\n<\/div><\/div>\n<\/div>\n\n\n\n<div class=\"wp-block-uagb-container uagb-block-538a47c5\"><\/div>\n<\/div><\/div>","protected":false},"excerpt":{"rendered":"","protected":false},"author":1,"featured_media":0,"parent":0,"menu_order":0,"comment_status":"closed","ping_status":"closed","template":"","meta":{"saved_in_kubio":false,"_uag_custom_page_level_css":"","footnotes":""},"class_list":["post-510","page","type-page","status-publish","hentry"],"kubio_ai_page_context":{"short_desc":"","purpose":"general"},"yoast_head":"<!-- This site is optimized with the Yoast SEO plugin v27.4 - https:\/\/yoast.com\/product\/yoast-seo-wordpress\/ -->\n<title>A Propos - AVGI GROUPE<\/title>\n<meta name=\"robots\" content=\"index, follow, max-snippet:-1, max-image-preview:large, max-video-preview:-1\" \/>\n<link rel=\"canonical\" href=\"https:\/\/avgi-ci.com\/cn\/about\/\" \/>\n<meta property=\"og:locale\" content=\"zh_CN\" \/>\n<meta property=\"og:type\" content=\"article\" \/>\n<meta property=\"og:title\" content=\"A Propos - AVGI GROUPE\" \/>\n<meta property=\"og:url\" content=\"https:\/\/avgi-ci.com\/cn\/about\/\" \/>\n<meta property=\"og:site_name\" content=\"AVGI GROUPE\" \/>\n<meta property=\"article:modified_time\" content=\"2025-12-10T10:56:45+00:00\" \/>\n<meta name=\"twitter:card\" content=\"summary_large_image\" \/>\n<meta name=\"twitter:label1\" content=\"\u9884\u8ba1\u9605\u8bfb\u65f6\u95f4\" \/>\n\t<meta name=\"twitter:data1\" content=\"3 \u5206\" \/>\n<script type=\"application\/ld+json\" class=\"yoast-schema-graph\">{\"@context\":\"https:\\\/\\\/schema.org\",\"@graph\":[{\"@type\":\"WebPage\",\"@id\":\"https:\\\/\\\/avgi-ci.com\\\/about\\\/\",\"url\":\"https:\\\/\\\/avgi-ci.com\\\/about\\\/\",\"name\":\"A Propos - AVGI GROUPE\",\"isPartOf\":{\"@id\":\"https:\\\/\\\/avgi-ci.com\\\/#website\"},\"datePublished\":\"2024-08-21T17:23:37+00:00\",\"dateModified\":\"2025-12-10T10:56:45+00:00\",\"breadcrumb\":{\"@id\":\"https:\\\/\\\/avgi-ci.com\\\/about\\\/#breadcrumb\"},\"inLanguage\":\"zh-Hans\",\"potentialAction\":[{\"@type\":\"ReadAction\",\"target\":[\"https:\\\/\\\/avgi-ci.com\\\/about\\\/\"]}]},{\"@type\":\"BreadcrumbList\",\"@id\":\"https:\\\/\\\/avgi-ci.com\\\/about\\\/#breadcrumb\",\"itemListElement\":[{\"@type\":\"ListItem\",\"position\":1,\"name\":\"Home\",\"item\":\"https:\\\/\\\/avgi-ci.com\\\/\"},{\"@type\":\"ListItem\",\"position\":2,\"name\":\"A Propos\"}]},{\"@type\":\"WebSite\",\"@id\":\"https:\\\/\\\/avgi-ci.com\\\/#website\",\"url\":\"https:\\\/\\\/avgi-ci.com\\\/\",\"name\":\"AVGI GROUPE\",\"description\":\"ELECTRICITE ET GENIE CIVIL\",\"publisher\":{\"@id\":\"https:\\\/\\\/avgi-ci.com\\\/#organization\"},\"potentialAction\":[{\"@type\":\"SearchAction\",\"target\":{\"@type\":\"EntryPoint\",\"urlTemplate\":\"https:\\\/\\\/avgi-ci.com\\\/?s={search_term_string}\"},\"query-input\":{\"@type\":\"PropertyValueSpecification\",\"valueRequired\":true,\"valueName\":\"search_term_string\"}}],\"inLanguage\":\"zh-Hans\"},{\"@type\":\"Organization\",\"@id\":\"https:\\\/\\\/avgi-ci.com\\\/#organization\",\"name\":\"AVANT-GARDE IMMOBILIER\",\"url\":\"https:\\\/\\\/avgi-ci.com\\\/\",\"logo\":{\"@type\":\"ImageObject\",\"inLanguage\":\"zh-Hans\",\"@id\":\"https:\\\/\\\/avgi-ci.com\\\/#\\\/schema\\\/logo\\\/image\\\/\",\"url\":\"https:\\\/\\\/avgi-ci.com\\\/wp-content\\\/uploads\\\/2024\\\/08\\\/cropped-LOGOGBLANG.png\",\"contentUrl\":\"https:\\\/\\\/avgi-ci.com\\\/wp-content\\\/uploads\\\/2024\\\/08\\\/cropped-LOGOGBLANG.png\",\"width\":195,\"height\":272,\"caption\":\"AVANT-GARDE IMMOBILIER\"},\"image\":{\"@id\":\"https:\\\/\\\/avgi-ci.com\\\/#\\\/schema\\\/logo\\\/image\\\/\"}}]}<\/script>\n<!-- \/ Yoast SEO plugin. -->","yoast_head_json":{"title":"A Propos - AVGI GROUPE","robots":{"index":"index","follow":"follow","max-snippet":"max-snippet:-1","max-image-preview":"max-image-preview:large","max-video-preview":"max-video-preview:-1"},"canonical":"https:\/\/avgi-ci.com\/cn\/about\/","og_locale":"zh_CN","og_type":"article","og_title":"A Propos - AVGI GROUPE","og_url":"https:\/\/avgi-ci.com\/cn\/about\/","og_site_name":"AVGI GROUPE","article_modified_time":"2025-12-10T10:56:45+00:00","twitter_card":"summary_large_image","twitter_misc":{"\u9884\u8ba1\u9605\u8bfb\u65f6\u95f4":"3 \u5206"},"schema":{"@context":"https:\/\/schema.org","@graph":[{"@type":"WebPage","@id":"https:\/\/avgi-ci.com\/about\/","url":"https:\/\/avgi-ci.com\/about\/","name":"A Propos - AVGI GROUPE","isPartOf":{"@id":"https:\/\/avgi-ci.com\/#website"},"datePublished":"2024-08-21T17:23:37+00:00","dateModified":"2025-12-10T10:56:45+00:00","breadcrumb":{"@id":"https:\/\/avgi-ci.com\/about\/#breadcrumb"},"inLanguage":"zh-Hans","potentialAction":[{"@type":"ReadAction","target":["https:\/\/avgi-ci.com\/about\/"]}]},{"@type":"BreadcrumbList","@id":"https:\/\/avgi-ci.com\/about\/#breadcrumb","itemListElement":[{"@type":"ListItem","position":1,"name":"Home","item":"https:\/\/avgi-ci.com\/"},{"@type":"ListItem","position":2,"name":"A Propos"}]},{"@type":"WebSite","@id":"https:\/\/avgi-ci.com\/#website","url":"https:\/\/avgi-ci.com\/","name":"\u5b89\u5409\u96c6\u56e2","description":"ELECTRICITE ET GENIE CIVIL","publisher":{"@id":"https:\/\/avgi-ci.com\/#organization"},"potentialAction":[{"@type":"SearchAction","target":{"@type":"EntryPoint","urlTemplate":"https:\/\/avgi-ci.com\/?s={search_term_string}"},"query-input":{"@type":"PropertyValueSpecification","valueRequired":true,"valueName":"search_term_string"}}],"inLanguage":"zh-Hans"},{"@type":"Organization","@id":"https:\/\/avgi-ci.com\/#organization","name":"AVANT-GARDE IMMOBILIER","url":"https:\/\/avgi-ci.com\/","logo":{"@type":"ImageObject","inLanguage":"zh-Hans","@id":"https:\/\/avgi-ci.com\/#\/schema\/logo\/image\/","url":"https:\/\/avgi-ci.com\/wp-content\/uploads\/2024\/08\/cropped-LOGOGBLANG.png","contentUrl":"https:\/\/avgi-ci.com\/wp-content\/uploads\/2024\/08\/cropped-LOGOGBLANG.png","width":195,"height":272,"caption":"AVANT-GARDE IMMOBILIER"},"image":{"@id":"https:\/\/avgi-ci.com\/#\/schema\/logo\/image\/"}}]}},"uagb_featured_image_src":{"full":false,"thumbnail":false,"medium":false,"medium_large":false,"large":false,"1536x1536":false,"2048x2048":false,"trp-custom-language-flag":false,"kubio-fullhd":false},"uagb_author_info":{"display_name":"AVGI","author_link":"https:\/\/avgi-ci.com\/cn\/author\/admin\/"},"uagb_comment_info":0,"uagb_excerpt":null,"_links":{"self":[{"href":"https:\/\/avgi-ci.com\/cn\/wp-json\/wp\/v2\/pages\/510","targetHints":{"allow":["GET"]}}],"collection":[{"href":"https:\/\/avgi-ci.com\/cn\/wp-json\/wp\/v2\/pages"}],"about":[{"href":"https:\/\/avgi-ci.com\/cn\/wp-json\/wp\/v2\/types\/page"}],"author":[{"embeddable":true,"href":"https:\/\/avgi-ci.com\/cn\/wp-json\/wp\/v2\/users\/1"}],"replies":[{"embeddable":true,"href":"https:\/\/avgi-ci.com\/cn\/wp-json\/wp\/v2\/comments?post=510"}],"version-history":[{"count":0,"href":"https:\/\/avgi-ci.com\/cn\/wp-json\/wp\/v2\/pages\/510\/revisions"}],"wp:attachment":[{"href":"https:\/\/avgi-ci.com\/cn\/wp-json\/wp\/v2\/media?parent=510"}],"curies":[{"name":"wp","href":"https:\/\/api.w.org\/{rel}","templated":true}]}}